{"id":10724,"date":"2021-06-21T14:51:01","date_gmt":"2021-06-21T11:51:01","guid":{"rendered":"https:\/\/maardukala.ee\/?post_type=product&#038;p=10724"},"modified":"2025-12-15T21:32:55","modified_gmt":"2025-12-15T19:32:55","slug":"%d1%81%d1%82%d0%b5%d1%80%d0%bb%d1%8f%d0%b4%d1%8c","status":"publish","type":"product","link":"https:\/\/maardukala.ee\/ru\/toode\/%d1%81%d1%82%d0%b5%d1%80%d0%bb%d1%8f%d0%b4%d1%8c\/","title":{"rendered":"\u041e\u0441\u0435\u0442\u0440, \u043f\u043e\u0442\u0440\u043e\u0448\u0435\u043d\u043d\u044b\u0439"},"content":{"rendered":"<h5>\u041a\u043e\u0434: 275<br \/>\n\u041f\u0440\u043e\u0438\u0441\u0445\u043e\u0436\u0434\u0435\u043d\u0438\u0435: \u042d\u0441\u0442\u043e\u043d\u0438\u044f<br \/>\n\u041e\u043f\u0438\u0441\u0430\u043d\u0438\u0435: \u0412\u044b\u043f\u043e\u0442\u0440\u043e\u0448\u0435\u043d\u043d\u044b\u0439 \u043e\u0441\u0435\u0442\u0440 \u2014 \u0434\u0435\u043b\u0438\u043a\u0430\u0442\u0435\u0441\u043d\u0430\u044f \u0440\u044b\u0431\u0430 \u0441 \u043f\u043b\u043e\u0442\u043d\u044b\u043c \u0438 \u0441\u043e\u0447\u043d\u044b\u043c \u043c\u044f\u0441\u043e\u043c \u0438 \u043c\u044f\u0433\u043a\u0438\u043c, \u0431\u043b\u0430\u0433\u043e\u0440\u043e\u0434\u043d\u044b\u043c \u0432\u043a\u0443\u0441\u043e\u043c. Sobib suurep\u00e4raselt k\u00fcpsetamiseks, suitsutamiseks, grillimiseks ja h\u00f5rkude roogade valmistamiseks.<br \/>\nSuurus: 1,0 &#8212; 1,5kg<br \/>\nS\u00e4ilitamine: <b>0\u2026+3 \u00b0\u0421<\/b><\/h5>\n","protected":false},"excerpt":{"rendered":"<p>\u041a\u043e\u0434: 275 \u041f\u0440\u043e\u0438\u0441\u0445\u043e\u0436\u0434\u0435\u043d\u0438\u0435: \u042d\u0441\u0442\u043e\u043d\u0438\u044f \u041e\u043f\u0438\u0441\u0430\u043d\u0438\u0435: \u0412\u044b\u043f\u043e\u0442\u0440\u043e\u0448\u0435\u043d\u043d\u044b\u0439 \u043e\u0441\u0435\u0442\u0440 \u2014 \u0434\u0435\u043b\u0438\u043a\u0430\u0442\u0435\u0441\u043d\u0430\u044f \u0440\u044b\u0431\u0430 \u0441 \u043f\u043b\u043e\u0442\u043d\u044b\u043c \u0438 \u0441\u043e\u0447\u043d\u044b\u043c \u043c\u044f\u0441\u043e\u043c \u0438 \u043c\u044f\u0433\u043a\u0438\u043c, \u0431\u043b\u0430\u0433\u043e\u0440\u043e\u0434\u043d\u044b\u043c \u0432\u043a\u0443\u0441\u043e\u043c. Sobib suurep\u00e4raselt k\u00fcpsetamiseks, suitsutamiseks, grillimiseks ja h\u00f5rkude roogade valmistamiseks. Suurus: 1,0 &#8212; 1,5kg S\u00e4ilitamine: 0\u2026+3 \u00b0\u0421<\/p>\n","protected":false},"featured_media":11344,"comment_status":"open","ping_status":"closed","template":"","meta":{"_acf_changed":false},"product_brand":[],"product_cat":[137],"product_tag":[],"class_list":{"0":"post-10724","1":"product","2":"type-product","3":"status-publish","4":"has-post-thumbnail","6":"product_cat-137","8":"first","9":"instock","10":"taxable","11":"shipping-taxable","12":"purchasable","13":"product-type-simple"},"acf":[],"jetpack_sharing_enabled":true,"_links":{"self":[{"href":"https:\/\/maardukala.ee\/ru\/wp-json\/wp\/v2\/product\/10724","targetHints":{"allow":["GET"]}}],"collection":[{"href":"https:\/\/maardukala.ee\/ru\/wp-json\/wp\/v2\/product"}],"about":[{"href":"https:\/\/maardukala.ee\/ru\/wp-json\/wp\/v2\/types\/product"}],"replies":[{"embeddable":true,"href":"https:\/\/maardukala.ee\/ru\/wp-json\/wp\/v2\/comments?post=10724"}],"version-history":[{"count":3,"href":"https:\/\/maardukala.ee\/ru\/wp-json\/wp\/v2\/product\/10724\/revisions"}],"predecessor-version":[{"id":11518,"href":"https:\/\/maardukala.ee\/ru\/wp-json\/wp\/v2\/product\/10724\/revisions\/11518"}],"wp:featuredmedia":[{"embeddable":true,"href":"https:\/\/maardukala.ee\/ru\/wp-json\/wp\/v2\/media\/11344"}],"wp:attachment":[{"href":"https:\/\/maardukala.ee\/ru\/wp-json\/wp\/v2\/media?parent=10724"}],"wp:term":[{"taxonomy":"product_brand","embeddable":true,"href":"https:\/\/maardukala.ee\/ru\/wp-json\/wp\/v2\/product_brand?post=10724"},{"taxonomy":"product_cat","embeddable":true,"href":"https:\/\/maardukala.ee\/ru\/wp-json\/wp\/v2\/product_cat?post=10724"},{"taxonomy":"product_tag","embeddable":true,"href":"https:\/\/maardukala.ee\/ru\/wp-json\/wp\/v2\/product_tag?post=10724"}],"curies":[{"name":"wp","href":"https:\/\/api.w.org\/{rel}","templated":true}]}}